{"id":49,"date":"2018-10-16T06:09:18","date_gmt":"2018-10-16T06:09:18","guid":{"rendered":"https:\/\/www.bistro.infosun.eu\/?page_id=49"},"modified":"2025-09-12T09:21:36","modified_gmt":"2025-09-12T09:21:36","slug":"kontakt","status":"publish","type":"page","link":"https:\/\/www.bistro.infosun.eu\/?page_id=49","title":{"rendered":"Kontakt"},"content":{"rendered":"\t\t<div data-elementor-type=\"wp-post\" data-elementor-id=\"49\" class=\"elementor elementor-49\">\n\t\t\t\t<div class=\"aux-parallax-section elementor-element elementor-element-c0a4a0d e-flex e-con-boxed e-con e-parent\" data-id=\"c0a4a0d\" data-element_type=\"container\" data-settings=\"{&quot;background_background&quot;:&quot;classic&quot;}\">\n\t\t\t\t\t<div class=\"e-con-inner\">\n\t\t<div class=\"elementor-element elementor-element-c8c0ba9 e-con-full e-flex e-con e-child\" data-id=\"c8c0ba9\" data-element_type=\"container\">\n\t\t\t\t<div class=\"elementor-element elementor-element-bdab656 aux-appear-watch-animation aux-fade-in-right elementor-widget elementor-widget-aux_modern_heading\" data-id=\"bdab656\" data-element_type=\"widget\" data-widget_type=\"aux_modern_heading.default\">\n\t\t\t\t<div class=\"elementor-widget-container\">\n\t\t\t\t\t<section class=\"aux-widget-modern-heading\">\n            <div class=\"aux-widget-inner\"><div class=\"aux-modern-heading-divider\"><\/div><h2 class=\"aux-modern-heading-primary\">KONTAKT<\/h2><\/div>\n        <\/section>\t\t\t\t<\/div>\n\t\t\t\t<\/div>\n\t\t\t\t<\/div>\n\t\t\t\t\t<\/div>\n\t\t\t\t<\/div>\n\t\t<div class=\"aux-parallax-section elementor-element elementor-element-13903fd e-flex e-con-boxed e-con e-parent\" data-id=\"13903fd\" data-element_type=\"container\">\n\t\t\t\t\t<div class=\"e-con-inner\">\n\t\t<div class=\"elementor-element elementor-element-0b1ff83 e-con-full e-flex e-con e-child\" data-id=\"0b1ff83\" data-element_type=\"container\">\n\t\t\t\t<div class=\"elementor-element elementor-element-5c9b388 aux-appear-watch-animation aux-scale-down elementor-widget elementor-widget-aux_modern_heading\" data-id=\"5c9b388\" data-element_type=\"widget\" data-widget_type=\"aux_modern_heading.default\">\n\t\t\t\t<div class=\"elementor-widget-container\">\n\t\t\t\t\t<section class=\"aux-widget-modern-heading\">\n            <div class=\"aux-widget-inner\"><h2 class=\"aux-modern-heading-primary\">Przyjd\u017c do bistro<\/h2><h3 class=\"aux-modern-heading-secondary\"><span class=\"aux-head-before\">ZASMAKUJ NASZEJ KUCHNI<\/span><\/h3><\/div>\n        <\/section>\t\t\t\t<\/div>\n\t\t\t\t<\/div>\n\t\t\t\t<\/div>\n\t\t<div class=\"elementor-element elementor-element-3dd3628 e-con-full e-flex e-con e-child\" data-id=\"3dd3628\" data-element_type=\"container\">\n\t\t\t\t<div class=\"elementor-element elementor-element-e2566a2 elementor-widget elementor-widget-google_maps\" data-id=\"e2566a2\" data-element_type=\"widget\" data-widget_type=\"google_maps.default\">\n\t\t\t\t<div class=\"elementor-widget-container\">\n\t\t\t\t\t\t\t<div class=\"elementor-custom-embed\">\n\t\t\t<iframe loading=\"lazy\"\n\t\t\t\t\tsrc=\"https:\/\/maps.google.com\/maps?q=chrzan%C3%B3w%2C%20ul%20O%C5%9Bwi%C4%99cimska%209A&#038;t=m&#038;z=16&#038;output=embed&#038;iwloc=near\"\n\t\t\t\t\ttitle=\"chrzan\u00f3w, ul O\u015bwi\u0119cimska 9A\"\n\t\t\t\t\taria-label=\"chrzan\u00f3w, ul O\u015bwi\u0119cimska 9A\"\n\t\t\t><\/iframe>\n\t\t<\/div>\n\t\t\t\t\t\t<\/div>\n\t\t\t\t<\/div>\n\t\t\t\t<\/div>\n\t\t\t\t\t<\/div>\n\t\t\t\t<\/div>\n\t\t<div class=\"aux-parallax-section elementor-element elementor-element-b44da58 e-flex e-con-boxed e-con e-parent\" data-id=\"b44da58\" data-element_type=\"container\">\n\t\t\t\t\t<div class=\"e-con-inner\">\n\t\t<div class=\"elementor-element elementor-element-11d559a aux-appear-watch-animation aux-fade-in-right-1 e-con-full e-flex e-con e-child\" data-id=\"11d559a\" data-element_type=\"container\">\n\t\t\t\t<div class=\"elementor-element elementor-element-e069aa8 elementor-widget elementor-widget-aux_text\" data-id=\"e069aa8\" data-element_type=\"widget\" data-widget_type=\"aux_text.default\">\n\t\t\t\t<div class=\"elementor-widget-container\">\n\t\t\t\t\t<section class=\"widget-container aux-widget-text aux-parent-au7e9614b5\">        <div class=\"aux-widget-advanced-text aux-wrap-style-simple aux-ico-pos-left aux-text-left aux-text-resp- aux-text-color-dark aux-text-widget-bg-center  aux-text-padding-fix \" >\n        \n                            <div class=\"aux-text-widget-header \"  >\n                        <div class=\"aux-ico-box aux-ico-large aux-ico-shape-circle aux-ico-clear \">\n                                                                <span class=\"aux-ico auxicon-map-pin-streamline\" > <\/span>\n                                                            <\/div>\n                <\/div>\n            \n            <div class=\"aux-text-inner aux-text-widget-content\">\n                                <h4 class=\"col-title\">Adres:<\/h4>\n                                <div class=\"widget-content\">\n                                        <p>ul. O\u015bwi\u0119cimska 9A<br> 32-500 Chrzan\u00f3w<\/p>                <\/div>\n                            <\/div>\n        <\/div>\n                    <div class=\"aux-text-widget-footer\">\n                <div class=\"aux-border-shape-none \">\n                                <\/div>\n            <\/div>\n        \n<\/section><!-- widget-container -->\t\t\t\t<\/div>\n\t\t\t\t<\/div>\n\t\t\t\t<\/div>\n\t\t<div class=\"elementor-element elementor-element-2ade2db aux-appear-watch-animation aux-fade-in-right-1 e-con-full e-flex e-con e-child\" data-id=\"2ade2db\" data-element_type=\"container\">\n\t\t\t\t<div class=\"elementor-element elementor-element-a668ded elementor-widget elementor-widget-aux_text\" data-id=\"a668ded\" data-element_type=\"widget\" data-widget_type=\"aux_text.default\">\n\t\t\t\t<div class=\"elementor-widget-container\">\n\t\t\t\t\t<section class=\"widget-container aux-widget-text aux-parent-au4dac6940\">        <div class=\"aux-widget-advanced-text aux-wrap-style-simple aux-ico-pos-left aux-text-left aux-text-resp- aux-text-color-dark aux-text-widget-bg-center  aux-text-padding-fix \" >\n        \n                            <div class=\"aux-text-widget-header \"  >\n                        <div class=\"aux-ico-box aux-ico-large aux-ico-shape-circle aux-ico-clear \">\n                                                                <span class=\"aux-ico auxicon-iphone-streamline\" > <\/span>\n                                                            <\/div>\n                <\/div>\n            \n            <div class=\"aux-text-inner aux-text-widget-content\">\n                                <h4 class=\"col-title\">Rezerwacje :<\/h4>\n                                <div class=\"widget-content\">\n                                        <p>(001) 123456789 - <br>234567891 <\/p>                <\/div>\n                            <\/div>\n        <\/div>\n                    <div class=\"aux-text-widget-footer\">\n                <div class=\"aux-border-shape-none \">\n                                <\/div>\n            <\/div>\n        \n<\/section><!-- widget-container -->\t\t\t\t<\/div>\n\t\t\t\t<\/div>\n\t\t\t\t<\/div>\n\t\t<div class=\"elementor-element elementor-element-394c736 aux-appear-watch-animation aux-fade-in-right-1 e-con-full e-flex e-con e-child\" data-id=\"394c736\" data-element_type=\"container\">\n\t\t\t\t<div class=\"elementor-element elementor-element-12585d1 elementor-widget elementor-widget-aux_text\" data-id=\"12585d1\" data-element_type=\"widget\" data-widget_type=\"aux_text.default\">\n\t\t\t\t<div class=\"elementor-widget-container\">\n\t\t\t\t\t<section class=\"widget-container aux-widget-text aux-parent-aub57e16a2\">        <div class=\"aux-widget-advanced-text aux-wrap-style-simple aux-ico-pos-left aux-text-left aux-text-resp- aux-text-color-dark aux-text-widget-bg-center  aux-text-padding-fix \" >\n        \n                            <div class=\"aux-text-widget-header \"  >\n                        <div class=\"aux-ico-box aux-ico-large aux-ico-shape-circle aux-ico-clear \">\n                                                                <span class=\"aux-ico auxicon-time\" > <\/span>\n                                                            <\/div>\n                <\/div>\n            \n            <div class=\"aux-text-inner aux-text-widget-content\">\n                                <h4 class=\"col-title\">Godziny otwarcia<\/h4>\n                                <div class=\"widget-content\">\n                                        <p>\u00a0<\/p><table><tbody><tr><td width=\"170px\">Pon.-Pt.<\/td><td>14:00 - 21:00<\/td><\/tr><tr><td>Sob.-Nd.<\/td><td>14:00 - 21:00<\/td><\/tr><\/tbody><\/table>                <\/div>\n                            <\/div>\n        <\/div>\n                    <div class=\"aux-text-widget-footer\">\n                <div class=\"aux-border-shape-none \">\n                                <\/div>\n            <\/div>\n        \n<\/section><!-- widget-container -->\t\t\t\t<\/div>\n\t\t\t\t<\/div>\n\t\t\t\t<\/div>\n\t\t\t\t\t<\/div>\n\t\t\t\t<\/div>\n\t\t\t\t<\/div>\n\t\t","protected":false},"excerpt":{"rendered":"<p>KONTAKT Przyjd\u017c do bistro ZASMAKUJ NASZEJ KUCHNI Adres: ul. O\u015bwi\u0119cimska 9A 32-500 Chrzan\u00f3w Rezerwacje : (001) 123456789 &#8211; 234567891 Godziny otwarcia \u00a0 Pon.-Pt. 14:00 &#8211; 21:00 Sob.-Nd. 14:00 &#8211; 21:00<\/p>\n","protected":false},"author":1,"featured_media":0,"parent":0,"menu_order":0,"comment_status":"closed","ping_status":"closed","template":"templates\/page-builder-content.php","meta":{"footnotes":""},"class_list":["post-49","page","type-page","status-publish","hentry"],"_links":{"self":[{"href":"https:\/\/www.bistro.infosun.eu\/index.php?rest_route=\/wp\/v2\/pages\/49","targetHints":{"allow":["GET"]}}],"collection":[{"href":"https:\/\/www.bistro.infosun.eu\/index.php?rest_route=\/wp\/v2\/pages"}],"about":[{"href":"https:\/\/www.bistro.infosun.eu\/index.php?rest_route=\/wp\/v2\/types\/page"}],"author":[{"embeddable":true,"href":"https:\/\/www.bistro.infosun.eu\/index.php?rest_route=\/wp\/v2\/users\/1"}],"replies":[{"embeddable":true,"href":"https:\/\/www.bistro.infosun.eu\/index.php?rest_route=%2Fwp%2Fv2%2Fcomments&post=49"}],"version-history":[{"count":5,"href":"https:\/\/www.bistro.infosun.eu\/index.php?rest_route=\/wp\/v2\/pages\/49\/revisions"}],"predecessor-version":[{"id":287,"href":"https:\/\/www.bistro.infosun.eu\/index.php?rest_route=\/wp\/v2\/pages\/49\/revisions\/287"}],"wp:attachment":[{"href":"https:\/\/www.bistro.infosun.eu\/index.php?rest_route=%2Fwp%2Fv2%2Fmedia&parent=49"}],"curies":[{"name":"wp","href":"https:\/\/api.w.org\/{rel}","templated":true}]}}